{"id":58,"date":"2026-03-16T15:42:16","date_gmt":"2026-03-16T15:42:16","guid":{"rendered":"https:\/\/birello.click\/?page_id=58"},"modified":"2026-03-16T15:57:47","modified_gmt":"2026-03-16T15:57:47","slug":"impressum","status":"publish","type":"page","link":"https:\/\/birello.click\/index.php\/impressum\/","title":{"rendered":"IMPRESSUM"},"content":{"rendered":"\n<p>i. Anbieterkennzeichnung Verantwortlich f\u00fcr den Betrieb dieser Webseite ist Alicia Sophie Schubert. Als Inhaberin von birello lege ich gro\u00dfen Wert auf Transparenz und die Einhaltung aller gesetzlichen Vorgaben des deutschen Telemediengesetzes. Mein kleines Unternehmen ist tief in der Region Schondorf am Ammersee verwurzelt wo wir uns der Auswahl von exzellenter Tischkultur widmen. Wir verstehen uns als moderner Fachhandel der die \u00c4sthetik des Alltags mit h\u00f6chster Qualit\u00e4t verbindet.<\/p>\n\n\n\n<p>ii. Firmendaten und Kontakt Sie finden uns an einem der sch\u00f6nsten Orte Bayerns direkt am Westufer des Ammersees. <\/p>\n\n\n\n<p>\u25ca Name: Alicia Sophie Schubert <\/p>\n\n\n\n<p>\u25ca Anschrift: Landheim 3, 86938 Schondorf am Ammersee <\/p>\n\n\n\n<p>\u25ca Elektronische Post: support@birello.click <\/p>\n\n\n\n<p>\u25ca Umsatzsteuer Identifikationsnummer: DE594304594<\/p>\n\n\n\n<p>iii. Rechtliche Hinweise zur Online Streitbeilegung Die Europ\u00e4ische Kommission stellt eine Plattform zur Online Streitbeilegung bereit die Sie im Internet unter der entsprechenden Adresse finden. Wir bei birello sind jedoch bestrebt Unstimmigkeiten direkt mit unseren Kunden zu kl\u00e4ren und nehmen daher nicht an formellen Verfahren vor einer Verbraucherschlichtungsstelle teil. Bei Fragen zu Ihrer Bestellung oder unseren Produkten wenden Sie sich bitte direkt an support@birello.click damit wir eine individuelle L\u00f6sung f\u00fcr Sie finden k\u00f6nnen.<\/p>\n\n\n\n<p>iv. Urheberrecht und Markenschutz Alle auf dieser Webseite ver\u00f6ffentlichten Texte sowie Fotografien unserer Porzellan und Keramikserien sind urheberrechtlich gesch\u00fctzt. Eine Verwendung dieser Inhalte durch Dritte bedarf der ausdr\u00fccklichen schriftlichen Genehmigung durch Alicia Sophie Schubert. Wir sch\u00fctzen unser geistiges Eigentum konsequent um die Exklusivit\u00e4t des Angebots von birello am Standort Landheim 3 dauerhaft sicherzustellen. Die unbefugte Vervielf\u00e4ltigung von Inhalten wird rechtlich verfolgt um die Integrit\u00e4t unserer Marke zu wahren.<\/p>\n","protected":false},"excerpt":{"rendered":"<p>i. Anbieterkennzeichnung Verantwortlich f\u00fcr den Betrieb dieser Webseite ist Alicia Sophie Schubert. Als Inhaberin von birello lege ich gro\u00dfen Wert auf Transparenz und die Einhaltung aller gesetzlichen Vorgaben des deutschen Telemediengesetzes. Mein kleines&#8230; <\/p>\n","protected":false},"author":1,"featured_media":0,"parent":0,"menu_order":6,"comment_status":"closed","ping_status":"closed","template":"","meta":{"footnotes":""},"class_list":["post-58","page","type-page","status-publish","hentry"],"_links":{"self":[{"href":"https:\/\/birello.click\/index.php\/wp-json\/wp\/v2\/pages\/58","targetHints":{"allow":["GET"]}}],"collection":[{"href":"https:\/\/birello.click\/index.php\/wp-json\/wp\/v2\/pages"}],"about":[{"href":"https:\/\/birello.click\/index.php\/wp-json\/wp\/v2\/types\/page"}],"author":[{"embeddable":true,"href":"https:\/\/birello.click\/index.php\/wp-json\/wp\/v2\/users\/1"}],"replies":[{"embeddable":true,"href":"https:\/\/birello.click\/index.php\/wp-json\/wp\/v2\/comments?post=58"}],"version-history":[{"count":2,"href":"https:\/\/birello.click\/index.php\/wp-json\/wp\/v2\/pages\/58\/revisions"}],"predecessor-version":[{"id":89,"href":"https:\/\/birello.click\/index.php\/wp-json\/wp\/v2\/pages\/58\/revisions\/89"}],"wp:attachment":[{"href":"https:\/\/birello.click\/index.php\/wp-json\/wp\/v2\/media?parent=58"}],"curies":[{"name":"wp","href":"https:\/\/api.w.org\/{rel}","templated":true}]}}